{"id":25,"date":"2021-02-25T03:43:17","date_gmt":"2021-02-25T03:43:17","guid":{"rendered":"https:\/\/www.iepesm.edu.pe\/web2021wp\/?page_id=25"},"modified":"2024-01-20T11:57:39","modified_gmt":"2024-01-20T16:57:39","slug":"noticias","status":"publish","type":"page","link":"https:\/\/www.iepesm.edu.pe\/web2021wp\/noticias\/","title":{"rendered":"NOTICIAS"},"content":{"rendered":"<p>[et_pb_section fb_built=\u00bb1&#8243; _builder_version=\u00bb4.14.7&#8243; _module_preset=\u00bbdefault\u00bb background_color=\u00bb#104C77&#8243; min_height=\u00bb202px\u00bb custom_padding=\u00bb0px||0px||true|\u00bb hover_enabled=\u00bb0&#8243; locked=\u00bboff\u00bb global_colors_info=\u00bb{}\u00bb title_text=\u00bbinfo\u00bb background_image=\u00bbhttps:\/\/www.iepesm.edu.pe\/web2021wp\/wp-content\/uploads\/2024\/01\/info-1-1.png\u00bb background_size=\u00bbinitial\u00bb sticky_enabled=\u00bb0&#8243; da_is_popup=\u00bboff\u00bb da_exit_intent=\u00bboff\u00bb da_has_close=\u00bbon\u00bb da_alt_close=\u00bboff\u00bb da_dark_close=\u00bboff\u00bb da_not_modal=\u00bbon\u00bb da_is_singular=\u00bboff\u00bb da_with_loader=\u00bboff\u00bb da_has_shadow=\u00bbon\u00bb da_disable_devices=\u00bboff|off|off\u00bb][et_pb_row column_structure=\u00bb2_5,3_5&#8243; make_equal=\u00bbon\u00bb _builder_version=\u00bb4.9.0&#8243; _module_preset=\u00bbdefault\u00bb background_enable_color=\u00bboff\u00bb custom_padding=\u00bb0px||0px||true|\u00bb hover_enabled=\u00bb0&#8243; global_colors_info=\u00bb{}\u00bb sticky_enabled=\u00bb0&#8243;][et_pb_column type=\u00bb2_5&#8243; _builder_version=\u00bb4.9.0&#8243; _module_preset=\u00bbdefault\u00bb global_colors_info=\u00bb{}\u00bb][et_pb_text _builder_version=\u00bb4.14.7&#8243; _module_preset=\u00bb072efa77-d3cc-4bba-8b98-cee69f830c76&#8243; text_text_color=\u00bb#FFFFFF\u00bb text_line_height=\u00bb1em\u00bb background_color=\u00bbRGBA(255,255,255,0)\u00bb background_image=\u00bbhttps:\/\/www.iepesm.edu.pe\/web2021wp\/wp-content\/uploads\/2024\/01\/Icons-web-ESM-.png\u00bb background_size=\u00bbcontain\u00bb background_position=\u00bbcenter_left\u00bb background_blend=\u00bbsoft-light\u00bb min_height=\u00bb202px\u00bb min_height_tablet=\u00bb\u00bb min_height_phone=\u00bb\u00bb min_height_last_edited=\u00bbon|phone\u00bb max_height_tablet=\u00bb150px\u00bb max_height_phone=\u00bb124px\u00bb max_height_last_edited=\u00bbon|tablet\u00bb custom_padding=\u00bb75px||75px||true|false\u00bb custom_padding_tablet=\u00bb49px||49px||true|false\u00bb custom_padding_phone=\u00bb42px||42px||true|false\u00bb custom_padding_last_edited=\u00bbon|tablet\u00bb hover_enabled=\u00bb0&#8243; text_font_size_tablet=\u00bb\u00bb text_font_size_phone=\u00bb40px\u00bb text_font_size_last_edited=\u00bbon|phone\u00bb global_colors_info=\u00bb{}\u00bb sticky_enabled=\u00bb0&#8243; title_text=\u00bbIcons web ESM\u00bb][\/et_pb_text][\/et_pb_column][et_pb_column type=\u00bb3_5&#8243; _builder_version=\u00bb4.9.0&#8243; _module_preset=\u00bbdefault\u00bb custom_css_main_element=\u00bbmargin: auto 0;\u00bb global_colors_info=\u00bb{}\u00bb][et_pb_text _builder_version=\u00bb4.9.0&#8243; _module_preset=\u00bb851cb81d-c0e0-4952-851d-182fec4e237b\u00bb text_text_color=\u00bb#D6D6D6&#8243; text_font_size=\u00bb18px\u00bb custom_padding=\u00bb||||false|false\u00bb custom_padding_tablet=\u00bb||30px||false|false\u00bb custom_padding_phone=\u00bb||30px||false|false\u00bb custom_padding_last_edited=\u00bbon|tablet\u00bb hover_enabled=\u00bb0&#8243; text_font_size_tablet=\u00bb\u00bb text_font_size_phone=\u00bb14px\u00bb text_font_size_last_edited=\u00bbon|phone\u00bb text_orientation_tablet=\u00bbcenter\u00bb text_orientation_phone=\u00bbcenter\u00bb text_orientation_last_edited=\u00bbon|phone\u00bb global_colors_info=\u00bb{}\u00bb sticky_enabled=\u00bb0&#8243;]<\/p>\n<p>Somos una comunidad que comparte experiencias y conocimientos. Generamos contenidos que promueven el orgullo por lo que somos y construimos d\u00eda a d\u00eda.<\/p>\n<p>[\/et_pb_text][\/et_pb_column][\/et_pb_row][\/et_pb_section][et_pb_section fb_built=\u00bb1&#8243; _builder_version=\u00bb4.9.0&#8243; _module_preset=\u00bbdefault\u00bb global_colors_info=\u00bb{}\u00bb da_is_popup=\u00bboff\u00bb da_exit_intent=\u00bboff\u00bb da_has_close=\u00bbon\u00bb da_alt_close=\u00bboff\u00bb da_dark_close=\u00bboff\u00bb da_not_modal=\u00bbon\u00bb da_is_singular=\u00bboff\u00bb da_with_loader=\u00bboff\u00bb da_has_shadow=\u00bbon\u00bb da_disable_devices=\u00bboff|off|off\u00bb][et_pb_row _builder_version=\u00bb4.14.7&#8243; _module_preset=\u00bbdefault\u00bb column_structure=\u00bb1_3,1_3,1_3&#8243; theme_builder_area=\u00bbpost_content\u00bb hover_enabled=\u00bb0&#8243; sticky_enabled=\u00bb0&#8243;][et_pb_column _builder_version=\u00bb4.14.7&#8243; _module_preset=\u00bbdefault\u00bb type=\u00bb1_3&#8243; theme_builder_area=\u00bbpost_content\u00bb][et_pb_blurb title=\u00bbDEVELACION DE PLACAS DE ACREDITACION 20 DIC-2023&#8243; image=\u00bbhttps:\/\/www.iepesm.edu.pe\/web2021wp\/wp-content\/uploads\/2024\/01\/Album-entrega-de-placas.png\u00bb _builder_version=\u00bb4.14.7&#8243; _module_preset=\u00bbdefault\u00bb theme_builder_area=\u00bbpost_content\u00bb hover_enabled=\u00bb0&#8243; sticky_enabled=\u00bb0&#8243; custom_padding=\u00bb||12px|||\u00bb title_text=\u00bbAlbum entrega de placas\u00bb url=\u00bbhttps:\/\/web.facebook.com\/ESMJuliaca\/posts\/pfbid0HqJWRU3mqRtGLP88K98X1UAU9GH1sR7KYm2THKVAKfZDWta7hny2Wx6cpxCJw3uml\u00bb url_new_window=\u00bbon\u00bb]<\/p>\n<p>El Colegio Elena de Santa Mar\u00eda celebra con orgullo la obtenci\u00f3n de la acreditaci\u00f3n internacional SACE el 20 de diciembre de 2023. Este reconocimiento destaca el compromiso continuo del colegio con la excelencia educativa a nivel global. La placa de acreditaci\u00f3n es el resultado del arduo trabajo y la dedicaci\u00f3n de toda la comunidad educativa, demostrando el compromiso con el desarrollo integral de los estudiantes. \u00a1Felicidades a todos por este logro extraordinario!<\/p>\n<p>[\/et_pb_blurb][\/et_pb_column][et_pb_column _builder_version=\u00bb4.14.7&#8243; _module_preset=\u00bbdefault\u00bb type=\u00bb1_3&#8243; theme_builder_area=\u00bbpost_content\u00bb][et_pb_blurb title=\u00bbSacramento de Confirmaci\u00f3n en el a\u00f1o 2023&#8243; image=\u00bbhttps:\/\/www.iepesm.edu.pe\/web2021wp\/wp-content\/uploads\/2024\/01\/album-confirmacion.png\u00bb _builder_version=\u00bb4.14.7&#8243; _module_preset=\u00bbdefault\u00bb theme_builder_area=\u00bbpost_content\u00bb hover_enabled=\u00bb0&#8243; sticky_enabled=\u00bb0&#8243; custom_padding=\u00bb||12px|||\u00bb title_text=\u00bbalbum confirmacion\u00bb url=\u00bbhttps:\/\/web.facebook.com\/ESMJuliaca\/posts\/pfbid02ZcbGEoam4qzo2Ziu8EsrGjdfUxLmmkuYuknX77bNYBoKNQ6b9dcdk8w7HYE8xp27l\u00bb url_new_window=\u00bbon\u00bb]<\/p>\n<p>El Colegio Elena de Santa Mar\u00eda vivi\u00f3 un momento especial con la celebraci\u00f3n del <strong>Sacramento de Confirmaci\u00f3n en el a\u00f1o 2023<\/strong>. En este emotivo evento, nuestros estudiantes reafirmaron su compromiso espiritual, marcando un hito significativo en su viaje personal y en la comunidad educativa. \u00a1Felicidades a todos los confirmados por este importante logro en su crecimiento espiritual!<\/p>\n<p>[\/et_pb_blurb][\/et_pb_column][et_pb_column _builder_version=\u00bb4.14.7&#8243; _module_preset=\u00bbdefault\u00bb type=\u00bb1_3&#8243; theme_builder_area=\u00bbpost_content\u00bb][et_pb_blurb title=\u00bbREVESTIMIENTO DEL BIOHUERTO\u00bb image=\u00bbhttps:\/\/www.iepesm.edu.pe\/web2021wp\/wp-content\/uploads\/2024\/01\/ALBUM-REVESTIMIENTO-DEL-BIOHUERTO.png\u00bb _builder_version=\u00bb4.14.7&#8243; _module_preset=\u00bbdefault\u00bb theme_builder_area=\u00bbpost_content\u00bb hover_enabled=\u00bb0&#8243; sticky_enabled=\u00bb0&#8243; custom_padding=\u00bb||12px|||\u00bb title_text=\u00bbALBUM-REVESTIMIENTO DEL BIOHUERTO\u00bb url=\u00bbhttps:\/\/web.facebook.com\/ESMJuliaca\/posts\/pfbid0PVoju6HrNX1jGjaDaaJDdmdo2RUZtGXubf4QzhLLgoi5mRrPvkTL8Z8DBtckwVEWl\u00bb url_new_window=\u00bbon\u00bb]<\/p>\n<p>\u00a1Emocionante noticia desde el Colegio Elena de Santa Mar\u00eda! Nos complace compartir que hemos completado el revestimiento del biohuerto. Este paso fortalece nuestro compromiso con la sostenibilidad y proporciona un entorno \u00f3ptimo para el crecimiento de nuestras plantas. \u00a1Celebramos juntos este avance verde! \ud83c\udf31\u2728.<\/p>\n<p>[\/et_pb_blurb][\/et_pb_column][\/et_pb_row][et_pb_row column_structure=\u00bb2_3,1_3&#8243; _builder_version=\u00bb4.9.0&#8243; _module_preset=\u00bbdefault\u00bb hover_enabled=\u00bb0&#8243; global_colors_info=\u00bb{}\u00bb sticky_enabled=\u00bb0&#8243;][et_pb_column type=\u00bb2_3&#8243; _builder_version=\u00bb4.9.0&#8243; _module_preset=\u00bbdefault\u00bb global_colors_info=\u00bb{}\u00bb][et_pb_blog_extras posts_number=\u00bb9&#8243; blog_layout=\u00bbblock_extended\u00bb excerpt_length=\u00bb110&#8243; read_more_text=\u00bbLeer M\u00e1s\u00bb show_author=\u00bboff\u00bb show_date=\u00bboff\u00bb show_categories=\u00bboff\u00bb show_comments=\u00bboff\u00bb show_load_more=\u00bbon\u00bb _builder_version=\u00bb4.9.0&#8243; _module_preset=\u00bbdefault\u00bb header_font=\u00bbMuseo 700||||||||\u00bb header_text_color=\u00bb#00609C\u00bb header_line_height=\u00bb1.1em\u00bb hover_enabled=\u00bb0&#8243; border_width_all=\u00bb2px\u00bb border_color_all=\u00bb#00609C\u00bb global_colors_info=\u00bb{}\u00bb sticky_enabled=\u00bb0&#8243;][\/et_pb_blog_extras][\/et_pb_column][et_pb_column type=\u00bb1_3&#8243; _builder_version=\u00bb4.9.0&#8243; _module_preset=\u00bbdefault\u00bb global_colors_info=\u00bb{}\u00bb][et_pb_sidebar area=\u00bbsidebar-1&#8243; _builder_version=\u00bb4.9.0&#8243; _module_preset=\u00bbdefault\u00bb header_font=\u00bbMuseo 700||||||||\u00bb header_text_color=\u00bb#00609C\u00bb header_font_size=\u00bb30px\u00bb body_font=\u00bbMontserrat||||||||\u00bb background_enable_color=\u00bboff\u00bb custom_padding=\u00bb20px||20px|20px|true|false\u00bb hover_enabled=\u00bb0&#8243; border_radii=\u00bbon|10px|10px|10px|10px\u00bb box_shadow_style=\u00bbpreset1&#8243; box_shadow_color=\u00bbrgba(0,96,156,0.47)\u00bb global_colors_info=\u00bb{}\u00bb body_text_color__hover_enabled=\u00bbon|desktop\u00bb body_text_color__hover=\u00bb#003764&#8243; body_font_size__hover_enabled=\u00bbon|hover\u00bb body_font_size__hover=\u00bb14px\u00bb sticky_enabled=\u00bb0&#8243;][\/et_pb_sidebar][\/et_pb_column][\/et_pb_row][\/et_pb_section][et_pb_section fb_built=\u00bb1&#8243; fullwidth=\u00bbon\u00bb theme_builder_area=\u00bbpost_content\u00bb _builder_version=\u00bb4.14.7&#8243; _module_preset=\u00bbdefault\u00bb da_is_popup=\u00bboff\u00bb da_exit_intent=\u00bboff\u00bb da_has_close=\u00bbon\u00bb da_alt_close=\u00bboff\u00bb da_dark_close=\u00bboff\u00bb da_not_modal=\u00bbon\u00bb da_is_singular=\u00bboff\u00bb da_with_loader=\u00bboff\u00bb da_has_shadow=\u00bbon\u00bb da_disable_devices=\u00bboff|off|off\u00bb][\/et_pb_section][et_pb_section fb_built=\u00bb1&#8243; theme_builder_area=\u00bbpost_content\u00bb _builder_version=\u00bb4.14.7&#8243; _module_preset=\u00bbdefault\u00bb da_is_popup=\u00bboff\u00bb da_exit_intent=\u00bboff\u00bb da_has_close=\u00bbon\u00bb da_alt_close=\u00bboff\u00bb da_dark_close=\u00bboff\u00bb da_not_modal=\u00bbon\u00bb da_is_singular=\u00bboff\u00bb da_with_loader=\u00bboff\u00bb da_has_shadow=\u00bbon\u00bb da_disable_devices=\u00bboff|off|off\u00bb][\/et_pb_section]<\/p>\n","protected":false},"excerpt":{"rendered":"<p>Somos una comunidad que comparte experiencias y conocimientos. Generamos contenidos que promueven el orgullo por lo que somos y construimos d\u00eda a d\u00eda.El Colegio Elena de Santa Mar\u00eda celebra con orgullo la obtenci\u00f3n de la acreditaci\u00f3n internacional SACE el 20 de diciembre de 2023. Este reconocimiento destaca el compromiso continuo del colegio con la excelencia [&hellip;]<\/p>\n","protected":false},"author":1,"featured_media":0,"parent":0,"menu_order":0,"comment_status":"closed","ping_status":"closed","template":"","meta":{"_et_pb_use_builder":"on","_et_pb_old_content":"","_et_gb_content_width":"","footnotes":""},"class_list":["post-25","page","type-page","status-publish","hentry"],"_links":{"self":[{"href":"https:\/\/www.iepesm.edu.pe\/web2021wp\/wp-json\/wp\/v2\/pages\/25","targetHints":{"allow":["GET"]}}],"collection":[{"href":"https:\/\/www.iepesm.edu.pe\/web2021wp\/wp-json\/wp\/v2\/pages"}],"about":[{"href":"https:\/\/www.iepesm.edu.pe\/web2021wp\/wp-json\/wp\/v2\/types\/page"}],"author":[{"embeddable":true,"href":"https:\/\/www.iepesm.edu.pe\/web2021wp\/wp-json\/wp\/v2\/users\/1"}],"replies":[{"embeddable":true,"href":"https:\/\/www.iepesm.edu.pe\/web2021wp\/wp-json\/wp\/v2\/comments?post=25"}],"version-history":[{"count":29,"href":"https:\/\/www.iepesm.edu.pe\/web2021wp\/wp-json\/wp\/v2\/pages\/25\/revisions"}],"predecessor-version":[{"id":226902,"href":"https:\/\/www.iepesm.edu.pe\/web2021wp\/wp-json\/wp\/v2\/pages\/25\/revisions\/226902"}],"wp:attachment":[{"href":"https:\/\/www.iepesm.edu.pe\/web2021wp\/wp-json\/wp\/v2\/media?parent=25"}],"curies":[{"name":"wp","href":"https:\/\/api.w.org\/{rel}","templated":true}]}}