{"id":224380,"date":"2021-05-13T16:40:07","date_gmt":"2021-05-13T16:40:07","guid":{"rendered":"https:\/\/www.iepesm.edu.pe\/web2021wp\/?page_id=224380"},"modified":"2024-01-22T12:30:11","modified_gmt":"2024-01-22T17:30:11","slug":"secundaria","status":"publish","type":"page","link":"https:\/\/www.iepesm.edu.pe\/web2021wp\/secundaria\/","title":{"rendered":"SECUNDARIA"},"content":{"rendered":"<p>[et_pb_section fb_built=\u00bb1&#8243; fullwidth=\u00bbon\u00bb _builder_version=\u00bb4.9.0&#8243; _module_preset=\u00bbdefault\u00bb da_disable_devices=\u00bboff|off|off\u00bb locked=\u00bboff\u00bb global_colors_info=\u00bb{}\u00bb da_is_popup=\u00bboff\u00bb da_exit_intent=\u00bboff\u00bb da_has_close=\u00bbon\u00bb da_alt_close=\u00bboff\u00bb da_dark_close=\u00bboff\u00bb da_not_modal=\u00bbon\u00bb da_is_singular=\u00bboff\u00bb da_with_loader=\u00bboff\u00bb da_has_shadow=\u00bbon\u00bb][et_pb_fullwidth_image src=\u00bbhttps:\/\/www.iepesm.edu.pe\/web2021wp\/wp-content\/uploads\/2024\/01\/Cartel-Verde-Amarillo-Alegre-y-Festivo-Tradicional-Graduacion&#8211;e1705942122528.png\u00bb title_text=\u00bbCartel Verde Amarillo Alegre y Festivo Tradicional Graduaci\u00f3n\u00bb _builder_version=\u00bb4.14.7&#8243; _module_preset=\u00bbdefault\u00bb global_colors_info=\u00bb{}\u00bb][\/et_pb_fullwidth_image][\/et_pb_section][et_pb_section fb_built=\u00bb1&#8243; _builder_version=\u00bb4.14.7&#8243; _module_preset=\u00bbdefault\u00bb background_color=\u00bb#DA291C\u00bb min_height=\u00bb202px\u00bb min_height_tablet=\u00bb\u00bb min_height_phone=\u00bb\u00bb min_height_last_edited=\u00bbon|phone\u00bb max_height_tablet=\u00bb150px\u00bb max_height_phone=\u00bb124px\u00bb max_height_last_edited=\u00bbon|tablet\u00bb custom_padding=\u00bb0px||0px||true|\u00bb da_disable_devices=\u00bboff|off|off\u00bb locked=\u00bboff\u00bb global_colors_info=\u00bb{}\u00bb da_is_popup=\u00bboff\u00bb da_exit_intent=\u00bboff\u00bb da_has_close=\u00bbon\u00bb da_alt_close=\u00bboff\u00bb da_dark_close=\u00bboff\u00bb da_not_modal=\u00bbon\u00bb da_is_singular=\u00bboff\u00bb da_with_loader=\u00bboff\u00bb da_has_shadow=\u00bbon\u00bb][et_pb_row column_structure=\u00bb2_5,3_5&#8243; make_equal=\u00bbon\u00bb _builder_version=\u00bb4.14.7&#8243; _module_preset=\u00bbdefault\u00bb background_color=\u00bb#DA291C\u00bb custom_padding=\u00bb0px||0px||true|\u00bb global_colors_info=\u00bb{}\u00bb][et_pb_column type=\u00bb2_5&#8243; _builder_version=\u00bb4.9.0&#8243; _module_preset=\u00bbdefault\u00bb global_colors_info=\u00bb{}\u00bb][et_pb_text _builder_version=\u00bb4.14.7&#8243; _module_preset=\u00bb072efa77-d3cc-4bba-8b98-cee69f830c76&#8243; text_text_color=\u00bb#FFFFFF\u00bb text_line_height=\u00bb1em\u00bb background_color=\u00bb#DA291C\u00bb background_image=\u00bbhttps:\/\/www.iepesm.edu.pe\/web2021wp\/wp-content\/uploads\/2021\/04\/icon_secundaria.png\u00bb background_size=\u00bbcontain\u00bb background_position=\u00bbtop_left\u00bb background_blend=\u00bbsoft-light\u00bb custom_padding=\u00bb75px||75px||true|false\u00bb custom_padding_tablet=\u00bb49px||49px||true|false\u00bb custom_padding_phone=\u00bb42px||42px||true|false\u00bb custom_padding_last_edited=\u00bbon|phone\u00bb text_font_size_tablet=\u00bb\u00bb text_font_size_phone=\u00bb40px\u00bb text_font_size_last_edited=\u00bbon|phone\u00bb global_colors_info=\u00bb{}\u00bb]<\/p>\n<p style=\"text-align: center;\">Secundaria<\/p>\n<p>[\/et_pb_text][\/et_pb_column][et_pb_column type=\u00bb3_5&#8243; _builder_version=\u00bb4.9.0&#8243; _module_preset=\u00bbdefault\u00bb custom_css_main_element=\u00bbmargin: auto 0;\u00bb global_colors_info=\u00bb{}\u00bb][\/et_pb_column][\/et_pb_row][\/et_pb_section][et_pb_section fb_built=\u00bb1&#8243; _builder_version=\u00bb4.9.0&#8243; _module_preset=\u00bbdefault\u00bb background_color=\u00bbRGBA(0,0,0,0)\u00bb min_height=\u00bb106px\u00bb min_height_tablet=\u00bb\u00bb min_height_phone=\u00bb\u00bb min_height_last_edited=\u00bbon|desktop\u00bb height_tablet=\u00bb\u00bb height_phone=\u00bb\u00bb height_last_edited=\u00bbon|desktop\u00bb custom_margin=\u00bb||||false|false\u00bb custom_padding=\u00bb0px||0px||false|false\u00bb module_alignment_tablet=\u00bb\u00bb module_alignment_phone=\u00bb\u00bb module_alignment_last_edited=\u00bbon|desktop\u00bb da_disable_devices=\u00bboff|off|off\u00bb locked=\u00bboff\u00bb global_colors_info=\u00bb{}\u00bb da_is_popup=\u00bboff\u00bb da_exit_intent=\u00bboff\u00bb da_has_close=\u00bbon\u00bb da_alt_close=\u00bboff\u00bb da_dark_close=\u00bboff\u00bb da_not_modal=\u00bbon\u00bb da_is_singular=\u00bboff\u00bb da_with_loader=\u00bboff\u00bb da_has_shadow=\u00bbon\u00bb][et_pb_row column_structure=\u00bb3_5,2_5&#8243; _builder_version=\u00bb4.14.7&#8243; _module_preset=\u00bbdefault\u00bb global_colors_info=\u00bb{}\u00bb custom_padding=\u00bb||0px|||\u00bb][et_pb_column type=\u00bb3_5&#8243; _builder_version=\u00bb4.14.7&#8243; _module_preset=\u00bbdefault\u00bb global_colors_info=\u00bb{}\u00bb][et_pb_text _builder_version=\u00bb4.14.7&#8243; _module_preset=\u00bbdefault\u00bb custom_margin=\u00bb|125px||||\u00bb custom_padding=\u00bb|28px|148px|102px||\u00bb global_colors_info=\u00bb{}\u00bb]<\/p>\n<h3 style=\"text-align: justify;\"><span style=\"color: #000000;\"><\/span><\/h3>\n<h3 style=\"text-align: justify;\"><span style=\"color: #000000;\"><\/span><\/h3>\n<h3 style=\"text-align: justify;\"><span style=\"color: #000000;\"><\/span><\/h3>\n<h3 style=\"text-align: justify;\"><span style=\"color: #000000;\"><\/span><\/h3>\n<h3 style=\"text-align: justify;\"><span style=\"color: #000000;\"><\/span><\/h3>\n<h3 style=\"text-align: justify;\"><span style=\"color: #000000;\"><\/span><\/h3>\n<h3 style=\"text-align: justify;\"><span style=\"color: #000000;\"><\/span><\/h3>\n<h3 style=\"text-align: justify;\"><span style=\"color: #000000;\"><\/span><\/h3>\n<h3 style=\"text-align: justify;\"><span style=\"color: #000000;\"><\/span><\/h3>\n<h3 style=\"text-align: justify;\"><span style=\"color: #000000;\">Este\u00a0nivel de educaci\u00f3n trabaja con objetivos fundamentales basada en el desarrollo de un exigente proceso de aprendizaje: como la autonom\u00eda y la adaptaci\u00f3n al cambio los cuales se brindan de manera gradual a nuestras estudiantes.<\/span><\/h3>\n<h3><\/h3>\n<h3><span style=\"color: #000000;\"><\/span><\/h3>\n<h3><span style=\"color: #000000;\"><\/span><\/h3>\n<h3><span style=\"color: #000000;\"><\/span><\/h3>\n<h3><span style=\"color: #000000;\"><\/span><\/h3>\n<h3><span style=\"color: #000000;\">Debemos garantizar la calidad, el bienestar de los alumnos, su infraestructura, hacemos que su caminar sea por el camino de la calidad permanente. Y para eso estamos evaluando y generando una cultura de calidad.<\/span><\/h3>\n<p>[\/et_pb_text][\/et_pb_column][et_pb_column type=\u00bb2_5&#8243; _builder_version=\u00bb4.14.7&#8243; _module_preset=\u00bbdefault\u00bb global_colors_info=\u00bb{}\u00bb][et_pb_image src=\u00bbhttps:\/\/www.iepesm.edu.pe\/web2021wp\/wp-content\/uploads\/2024\/01\/ESM-secundaria-scaled.jpg\u00bb title_text=\u00bbESM secundaria\u00bb _builder_version=\u00bb4.14.7&#8243; _module_preset=\u00bbdefault\u00bb global_colors_info=\u00bb{}\u00bb][\/et_pb_image][\/et_pb_column][\/et_pb_row][et_pb_row _builder_version=\u00bb4.14.7&#8243; _module_preset=\u00bbdefault\u00bb][et_pb_column _builder_version=\u00bb4.14.7&#8243; _module_preset=\u00bbdefault\u00bb type=\u00bb4_4&#8243;][et_pb_image src=\u00bbhttps:\/\/www.iepesm.edu.pe\/web2021wp\/wp-content\/uploads\/2024\/01\/ESM-Secundaria-web-e1705944551292.png\u00bb _builder_version=\u00bb4.14.7&#8243; _module_preset=\u00bbdefault\u00bb title_text=\u00bbESM Secundaria web\u00bb hover_enabled=\u00bb0&#8243; sticky_enabled=\u00bb0&#8243;][\/et_pb_image][\/et_pb_column][\/et_pb_row][\/et_pb_section][et_pb_section fb_built=\u00bb1&#8243; _builder_version=\u00bb4.9.0&#8243; _module_preset=\u00bbdefault\u00bb background_color=\u00bbRGBA(0,0,0,0)\u00bb min_height=\u00bb111px\u00bb min_height_tablet=\u00bb\u00bb min_height_phone=\u00bb\u00bb min_height_last_edited=\u00bbon|desktop\u00bb height_tablet=\u00bb\u00bb height_phone=\u00bb\u00bb height_last_edited=\u00bbon|desktop\u00bb custom_margin=\u00bb||||false|false\u00bb custom_padding=\u00bb0px||0px||false|false\u00bb module_alignment_tablet=\u00bb\u00bb module_alignment_phone=\u00bb\u00bb module_alignment_last_edited=\u00bbon|desktop\u00bb da_disable_devices=\u00bboff|off|off\u00bb locked=\u00bboff\u00bb global_colors_info=\u00bb{}\u00bb da_is_popup=\u00bboff\u00bb da_exit_intent=\u00bboff\u00bb da_has_close=\u00bbon\u00bb da_alt_close=\u00bboff\u00bb da_dark_close=\u00bboff\u00bb da_not_modal=\u00bbon\u00bb da_is_singular=\u00bboff\u00bb da_with_loader=\u00bboff\u00bb da_has_shadow=\u00bbon\u00bb][et_pb_row make_equal=\u00bbon\u00bb _builder_version=\u00bb4.9.0&#8243; _module_preset=\u00bbdefault\u00bb background_enable_color=\u00bboff\u00bb custom_padding=\u00bb0px||0px||true|\u00bb global_colors_info=\u00bb{}\u00bb][et_pb_column type=\u00bb4_4&#8243; _builder_version=\u00bb4.9.0&#8243; _module_preset=\u00bbdefault\u00bb global_colors_info=\u00bb{}\u00bb][et_pb_text _builder_version=\u00bb4.9.0&#8243; _module_preset=\u00bb072efa77-d3cc-4bba-8b98-cee69f830c76&#8243; text_text_color=\u00bb#00609C\u00bb text_line_height=\u00bb1em\u00bb background_color=\u00bbRGBA(0,0,0,0)\u00bb background_image=\u00bbhttps:\/\/www.iepesm.edu.pe\/web2021wp\/wp-content\/uploads\/2021\/04\/icon_primaria.png\u00bb background_size=\u00bbcontain\u00bb background_position=\u00bbcenter_left\u00bb background_blend=\u00bbsoft-light\u00bb custom_padding=\u00bb24px||24px||true|false\u00bb custom_padding_tablet=\u00bb\u00bb custom_padding_phone=\u00bb2px||2px||true|false\u00bb custom_padding_last_edited=\u00bbon|phone\u00bb text_font_size_tablet=\u00bb\u00bb text_font_size_phone=\u00bb40px\u00bb text_font_size_last_edited=\u00bbon|phone\u00bb global_colors_info=\u00bb{}\u00bb]<\/p>\n<p style=\"text-align: center;\">Actividades<\/p>\n<p>[\/et_pb_text][\/et_pb_column][\/et_pb_row][\/et_pb_section][et_pb_section fb_built=\u00bb1&#8243; fullwidth=\u00bbon\u00bb _builder_version=\u00bb4.14.7&#8243; _module_preset=\u00bbdefault\u00bb da_disable_devices=\u00bboff|off|off\u00bb global_colors_info=\u00bb{}\u00bb da_is_popup=\u00bboff\u00bb da_exit_intent=\u00bboff\u00bb da_has_close=\u00bbon\u00bb da_alt_close=\u00bboff\u00bb da_dark_close=\u00bboff\u00bb da_not_modal=\u00bbon\u00bb da_is_singular=\u00bboff\u00bb da_with_loader=\u00bboff\u00bb da_has_shadow=\u00bbon\u00bb][et_pb_fullwidth_slider _builder_version=\u00bb4.14.7&#8243; _module_preset=\u00bbdefault\u00bb background_color=\u00bb#F2CD00&#8243; width=\u00bb100%\u00bb min_height=\u00bb577.2px\u00bb global_colors_info=\u00bb{}\u00bb][et_pb_slide heading=\u00bbSiembra un \u00e1rbol Siembra vida\u00bb image=\u00bbhttps:\/\/www.iepesm.edu.pe\/web2021wp\/wp-content\/uploads\/2024\/01\/ARBOLITO.png\u00bb _builder_version=\u00bb4.14.7&#8243; _module_preset=\u00bbdefault\u00bb header_font=\u00bbMuseo 700||||||||\u00bb body_font=\u00bbMuseo 300||||||||\u00bb body_font_size=\u00bb21px\u00bb background_color=\u00bb#00609C\u00bb background_enable_color=\u00bbon\u00bb global_colors_info=\u00bb{}\u00bb sticky_transition=\u00bbon\u00bb]<\/p>\n<p>El objetivo es recuperar las \u00e1reas verdes de nuestra ciudad y el cuidado del medio ambiente. Estuvieron presentes autoridades de nuestra Instituci\u00f3n y de la ciudad, as\u00ed como directivos de la urbanizaci\u00f3n.<\/p>\n<p>Las alumnas elenitas manifestaron muy contentas que el pr\u00f3ximo a\u00f1o ser\u00e1 mucho mejor. \u00a1Cuidemos nuestro medio ambiente!<\/p>\n<p>[\/et_pb_slide][et_pb_slide heading=\u00bbCONCURSO DE SPELLING BEE\u00bb image=\u00bbhttps:\/\/www.iepesm.edu.pe\/web2021wp\/wp-content\/uploads\/2024\/01\/1-4.png\u00bb _builder_version=\u00bb4.14.7&#8243; _module_preset=\u00bbdefault\u00bb header_font=\u00bbMuseo 700||||||||\u00bb body_font=\u00bbMuseo 300||||||||\u00bb body_font_size=\u00bb21px\u00bb border_radii_image=\u00bbon|8px|8px|8px|8px\u00bb global_colors_info=\u00bb{}\u00bb sticky_transition=\u00bbon\u00bb]<\/p>\n<p><span>Demostrando en todo momento su nivel de preparaci\u00f3n al afrontar cada una de las rondas del concurso. Fruto de ello obtuvimos medalla de plata en la categor\u00eda B y medallas de oro en las categor\u00edas C, D y E respectivamente. Felicitamos a todas las estudiantes que nos acompa\u00f1aron en este concurso y a los docentes del \u00e1rea de ingles que estuvieron en todo el proceso de preparaci\u00f3n y participaci\u00f3n con las estudiantes.<\/span><\/p>\n<p>[\/et_pb_slide][et_pb_slide heading=\u00bbTALENT SHOW\u00bb image=\u00bbhttps:\/\/www.iepesm.edu.pe\/web2021wp\/wp-content\/uploads\/2024\/01\/DSC_1143-scaled.jpg\u00bb _builder_version=\u00bb4.14.7&#8243; _module_preset=\u00bbdefault\u00bb header_font=\u00bbMuseo 700||||||||\u00bb body_font=\u00bbMuseo 300||||||||\u00bb body_font_size=\u00bb21px\u00bb background_color=\u00bb#DA291C\u00bb background_enable_color=\u00bbon\u00bb border_radii_image=\u00bbon|12px|12px|12px|12px\u00bb global_colors_info=\u00bb{}\u00bb sticky_transition=\u00bbon\u00bb]<\/p>\n<p>Como todos los a\u00f1os, las estudiantes de los tres niveles: INICIAL, PRIMARIA Y SECUNDARIA, demostraron que el idioma ingl\u00e9s se va haciendo parte de ellas al poder cantar y hablar.<\/p>\n<p>El convenio en el idioma ingl\u00e9s con la Universidad La Pacifico, est\u00e1 dando resultado. \u00a1Nos alegramos todos!.<\/p>\n<p>Felicitamos a todas las estudiantes por la preparaci\u00f3n, entrega y la participaci\u00f3n en esta actividad. Las felicitaciones tambi\u00e9n a los profesores del \u00e1rea.<\/p>\n<p>[\/et_pb_slide][\/et_pb_fullwidth_slider][\/et_pb_section][et_pb_section fb_built=\u00bb1&#8243; fullwidth=\u00bbon\u00bb _builder_version=\u00bb4.14.7&#8243; _module_preset=\u00bbdefault\u00bb da_disable_devices=\u00bboff|off|off\u00bb global_colors_info=\u00bb{}\u00bb da_is_popup=\u00bboff\u00bb da_exit_intent=\u00bboff\u00bb da_has_close=\u00bbon\u00bb da_alt_close=\u00bboff\u00bb da_dark_close=\u00bboff\u00bb da_not_modal=\u00bbon\u00bb da_is_singular=\u00bboff\u00bb da_with_loader=\u00bboff\u00bb da_has_shadow=\u00bbon\u00bb][\/et_pb_section]<\/p>\n","protected":false},"excerpt":{"rendered":"<p>Secundaria Este\u00a0nivel de educaci\u00f3n trabaja con objetivos fundamentales basada en el desarrollo de un exigente proceso de aprendizaje: como la autonom\u00eda y la adaptaci\u00f3n al cambio los cuales se brindan de manera gradual a nuestras estudiantes. Debemos garantizar la calidad, el bienestar de los alumnos, su infraestructura, hacemos que su caminar sea por el camino [&hellip;]<\/p>\n","protected":false},"author":1,"featured_media":0,"parent":0,"menu_order":0,"comment_status":"closed","ping_status":"closed","template":"","meta":{"_et_pb_use_builder":"on","_et_pb_old_content":"","_et_gb_content_width":"","footnotes":""},"class_list":["post-224380","page","type-page","status-publish","hentry"],"_links":{"self":[{"href":"https:\/\/www.iepesm.edu.pe\/web2021wp\/wp-json\/wp\/v2\/pages\/224380","targetHints":{"allow":["GET"]}}],"collection":[{"href":"https:\/\/www.iepesm.edu.pe\/web2021wp\/wp-json\/wp\/v2\/pages"}],"about":[{"href":"https:\/\/www.iepesm.edu.pe\/web2021wp\/wp-json\/wp\/v2\/types\/page"}],"author":[{"embeddable":true,"href":"https:\/\/www.iepesm.edu.pe\/web2021wp\/wp-json\/wp\/v2\/users\/1"}],"replies":[{"embeddable":true,"href":"https:\/\/www.iepesm.edu.pe\/web2021wp\/wp-json\/wp\/v2\/comments?post=224380"}],"version-history":[{"count":14,"href":"https:\/\/www.iepesm.edu.pe\/web2021wp\/wp-json\/wp\/v2\/pages\/224380\/revisions"}],"predecessor-version":[{"id":227002,"href":"https:\/\/www.iepesm.edu.pe\/web2021wp\/wp-json\/wp\/v2\/pages\/224380\/revisions\/227002"}],"wp:attachment":[{"href":"https:\/\/www.iepesm.edu.pe\/web2021wp\/wp-json\/wp\/v2\/media?parent=224380"}],"curies":[{"name":"wp","href":"https:\/\/api.w.org\/{rel}","templated":true}]}}