{"id":224374,"date":"2021-05-13T16:37:44","date_gmt":"2021-05-13T16:37:44","guid":{"rendered":"https:\/\/www.iepesm.edu.pe\/web2021wp\/?page_id=224374"},"modified":"2024-01-22T11:30:37","modified_gmt":"2024-01-22T16:30:37","slug":"primaria","status":"publish","type":"page","link":"https:\/\/www.iepesm.edu.pe\/web2021wp\/primaria\/","title":{"rendered":"PRIMARIA"},"content":{"rendered":"<p>[et_pb_section fb_built=\u00bb1&#8243; fullwidth=\u00bbon\u00bb _builder_version=\u00bb4.9.0&#8243; _module_preset=\u00bbdefault\u00bb da_disable_devices=\u00bboff|off|off\u00bb locked=\u00bboff\u00bb global_colors_info=\u00bb{}\u00bb da_is_popup=\u00bboff\u00bb da_exit_intent=\u00bboff\u00bb da_has_close=\u00bbon\u00bb da_alt_close=\u00bboff\u00bb da_dark_close=\u00bboff\u00bb da_not_modal=\u00bbon\u00bb da_is_singular=\u00bboff\u00bb da_with_loader=\u00bboff\u00bb da_has_shadow=\u00bbon\u00bb][et_pb_fullwidth_image title_text=\u00bbprimaria 1&#8243; _builder_version=\u00bb4.14.7&#8243; _module_preset=\u00bbdefault\u00bb background_color=\u00bb#EBEBEB\u00bb background_image=\u00bbhttps:\/\/www.iepesm.edu.pe\/web2021wp\/wp-content\/uploads\/2024\/01\/Video-de-Youtube-Tips-Apuntes-Doodle-Blanco-y-Negro.png\u00bb min_height=\u00bb316px\u00bb global_colors_info=\u00bb{}\u00bb][\/et_pb_fullwidth_image][\/et_pb_section][et_pb_section fb_built=\u00bb1&#8243; _builder_version=\u00bb4.14.7&#8243; _module_preset=\u00bbdefault\u00bb background_color=\u00bb#F2CD00&#8243; min_height=\u00bb202px\u00bb min_height_tablet=\u00bb\u00bb min_height_phone=\u00bb\u00bb min_height_last_edited=\u00bbon|phone\u00bb max_height_tablet=\u00bb150px\u00bb max_height_phone=\u00bb124px\u00bb max_height_last_edited=\u00bbon|phone\u00bb custom_padding=\u00bb0px||0px||true|\u00bb da_disable_devices=\u00bboff|off|off\u00bb locked=\u00bboff\u00bb global_colors_info=\u00bb{}\u00bb da_is_popup=\u00bboff\u00bb da_exit_intent=\u00bboff\u00bb da_has_close=\u00bbon\u00bb da_alt_close=\u00bboff\u00bb da_dark_close=\u00bboff\u00bb da_not_modal=\u00bbon\u00bb da_is_singular=\u00bboff\u00bb da_with_loader=\u00bboff\u00bb da_has_shadow=\u00bbon\u00bb][et_pb_row column_structure=\u00bb2_5,3_5&#8243; make_equal=\u00bbon\u00bb _builder_version=\u00bb4.9.0&#8243; _module_preset=\u00bbdefault\u00bb background_enable_color=\u00bboff\u00bb custom_padding=\u00bb0px||0px||true|\u00bb global_colors_info=\u00bb{}\u00bb][et_pb_column type=\u00bb2_5&#8243; _builder_version=\u00bb4.9.0&#8243; _module_preset=\u00bbdefault\u00bb global_colors_info=\u00bb{}\u00bb][et_pb_text _builder_version=\u00bb4.9.0&#8243; _module_preset=\u00bb072efa77-d3cc-4bba-8b98-cee69f830c76&#8243; text_text_color=\u00bb#FFFFFF\u00bb text_line_height=\u00bb1em\u00bb background_color=\u00bb#F2CD00&#8243; background_image=\u00bbhttps:\/\/www.iepesm.edu.pe\/web2021wp\/wp-content\/uploads\/2021\/04\/icon_primaria.png\u00bb background_size=\u00bbcontain\u00bb background_position=\u00bbcenter_left\u00bb background_blend=\u00bbsoft-light\u00bb custom_padding=\u00bb75px||75px||true|false\u00bb custom_padding_tablet=\u00bb\u00bb custom_padding_phone=\u00bb42px||42px||true|false\u00bb custom_padding_last_edited=\u00bbon|phone\u00bb text_font_size_tablet=\u00bb\u00bb text_font_size_phone=\u00bb40px\u00bb text_font_size_last_edited=\u00bbon|phone\u00bb global_colors_info=\u00bb{}\u00bb]<\/p>\n<p style=\"text-align: center;\">Primaria<\/p>\n<p>[\/et_pb_text][\/et_pb_column][et_pb_column type=\u00bb3_5&#8243; _builder_version=\u00bb4.9.0&#8243; _module_preset=\u00bbdefault\u00bb custom_css_main_element=\u00bbmargin: auto 0;\u00bb global_colors_info=\u00bb{}\u00bb][\/et_pb_column][\/et_pb_row][\/et_pb_section][et_pb_section fb_built=\u00bb1&#8243; _builder_version=\u00bb4.9.0&#8243; _module_preset=\u00bbdefault\u00bb background_color=\u00bbRGBA(0,0,0,0)\u00bb min_height=\u00bb111px\u00bb min_height_tablet=\u00bb\u00bb min_height_phone=\u00bb\u00bb min_height_last_edited=\u00bbon|desktop\u00bb height_tablet=\u00bb\u00bb height_phone=\u00bb\u00bb height_last_edited=\u00bbon|desktop\u00bb custom_margin=\u00bb||||false|false\u00bb custom_padding=\u00bb0px||0px||false|false\u00bb module_alignment_tablet=\u00bb\u00bb module_alignment_phone=\u00bb\u00bb module_alignment_last_edited=\u00bbon|desktop\u00bb da_disable_devices=\u00bboff|off|off\u00bb locked=\u00bboff\u00bb global_colors_info=\u00bb{}\u00bb da_is_popup=\u00bboff\u00bb da_exit_intent=\u00bboff\u00bb da_has_close=\u00bbon\u00bb da_alt_close=\u00bboff\u00bb da_dark_close=\u00bboff\u00bb da_not_modal=\u00bbon\u00bb da_is_singular=\u00bboff\u00bb da_with_loader=\u00bboff\u00bb da_has_shadow=\u00bbon\u00bb][et_pb_row _builder_version=\u00bb4.14.7&#8243; _module_preset=\u00bbdefault\u00bb column_structure=\u00bb3_5,2_5&#8243; background_color=\u00bb#FFFFFF\u00bb hover_enabled=\u00bb0&#8243; sticky_enabled=\u00bb0&#8243;][et_pb_column _builder_version=\u00bb4.14.7&#8243; _module_preset=\u00bbdefault\u00bb type=\u00bb3_5&#8243;][et_pb_text _builder_version=\u00bb4.14.7&#8243; _module_preset=\u00bbdefault\u00bb hover_enabled=\u00bb0&#8243; sticky_enabled=\u00bb0&#8243;]<\/p>\n<h2 style=\"text-align: justify;\"><strong>Este Nivel comprende desde 1ro a 6to de primaria.<\/strong><\/h2>\n<p style=\"text-align: justify;\">En esta etapa escolar las estudiantes fortalecen sus competencias comunicativas, se inicia el aprendizaje formal donde el proceso de ense\u00f1anza y aprendizaje se basa en un enfoque constructivista e integrado, acorde a las etapas de desarrollo de cada ni\u00f1a.<\/p>\n<p style=\"text-align: justify;\">Nuestro sistema educativo promueve el desarrollo de habilidades transdisciplinarias tales como habilidades de comunicaci\u00f3n, investigaci\u00f3n, desarrollo de pensamiento cr\u00edtico y divergente, habilidades sociales y de autocontrol basados en los principios de una convivencia pac\u00edfica, arm\u00f3nica, identidad.<\/p>\n<p style=\"text-align: justify;\">Las tutoras tienen un rol muy importante en este periodo escolar porque promueven en nuestros alumnos el desarrollo cognitivo y pensamiento cr\u00edtico y creativo, actitudes de responsabilidad social como la cooperaci\u00f3n, responsabilidad y participaci\u00f3n de trabajo en equipo, soluci\u00f3n de problemas y resoluci\u00f3n de conflictos.<\/p>\n<p style=\"text-align: justify;\">Nuestra ense\u00f1anza se basa en m\u00e9todos activos y diferenciados Tambi\u00e9n se le da mucha importancia al deporte y al arte para favorecer en los ni\u00f1os un buen desarrollo f\u00edsico y destreza motora.<\/p>\n<p>[\/et_pb_text][\/et_pb_column][et_pb_column _builder_version=\u00bb4.14.7&#8243; _module_preset=\u00bbdefault\u00bb type=\u00bb2_5&#8243;][et_pb_image src=\u00bbhttps:\/\/www.iepesm.edu.pe\/web2021wp\/wp-content\/uploads\/2024\/01\/IMG_0619-scaled.jpg\u00bb _builder_version=\u00bb4.14.7&#8243; _module_preset=\u00bbdefault\u00bb title_text=\u00bbIMG_0619&#8243; hover_enabled=\u00bb0&#8243; sticky_enabled=\u00bb0&#8243;][\/et_pb_image][\/et_pb_column][\/et_pb_row][et_pb_row make_equal=\u00bbon\u00bb _builder_version=\u00bb4.9.0&#8243; _module_preset=\u00bbdefault\u00bb background_enable_color=\u00bboff\u00bb custom_padding=\u00bb0px||0px||true|\u00bb global_colors_info=\u00bb{}\u00bb][et_pb_column type=\u00bb4_4&#8243; _builder_version=\u00bb4.9.0&#8243; _module_preset=\u00bbdefault\u00bb global_colors_info=\u00bb{}\u00bb][et_pb_text _builder_version=\u00bb4.9.0&#8243; _module_preset=\u00bb072efa77-d3cc-4bba-8b98-cee69f830c76&#8243; text_text_color=\u00bb#F2CD00&#8243; text_line_height=\u00bb1em\u00bb background_color=\u00bbRGBA(0,0,0,0)\u00bb background_image=\u00bbhttps:\/\/www.iepesm.edu.pe\/web2021wp\/wp-content\/uploads\/2021\/04\/icon_primaria.png\u00bb background_size=\u00bbcontain\u00bb background_position=\u00bbcenter_left\u00bb background_blend=\u00bbsoft-light\u00bb min_height=\u00bb30px\u00bb custom_padding=\u00bb24px||24px||true|false\u00bb custom_padding_tablet=\u00bb\u00bb custom_padding_phone=\u00bb2px||2px||true|false\u00bb custom_padding_last_edited=\u00bbon|phone\u00bb text_font_size_tablet=\u00bb\u00bb text_font_size_phone=\u00bb40px\u00bb text_font_size_last_edited=\u00bbon|phone\u00bb global_colors_info=\u00bb{}\u00bb]<\/p>\n<p style=\"text-align: center;\">Proyectos<\/p>\n<p>[\/et_pb_text][\/et_pb_column][\/et_pb_row][\/et_pb_section][et_pb_section fb_built=\u00bb1&#8243; _builder_version=\u00bb4.9.0&#8243; _module_preset=\u00bbdefault\u00bb background_color=\u00bbRGBA(0,0,0,0)\u00bb min_height=\u00bb111px\u00bb min_height_tablet=\u00bb\u00bb min_height_phone=\u00bb\u00bb min_height_last_edited=\u00bbon|desktop\u00bb height_tablet=\u00bb\u00bb height_phone=\u00bb\u00bb height_last_edited=\u00bbon|desktop\u00bb custom_margin=\u00bb||||false|false\u00bb custom_padding=\u00bb0px||0px||false|false\u00bb module_alignment_tablet=\u00bb\u00bb module_alignment_phone=\u00bb\u00bb module_alignment_last_edited=\u00bbon|desktop\u00bb da_disable_devices=\u00bboff|off|off\u00bb locked=\u00bboff\u00bb global_colors_info=\u00bb{}\u00bb da_is_popup=\u00bboff\u00bb da_exit_intent=\u00bboff\u00bb da_has_close=\u00bbon\u00bb da_alt_close=\u00bboff\u00bb da_dark_close=\u00bboff\u00bb da_not_modal=\u00bbon\u00bb da_is_singular=\u00bboff\u00bb da_with_loader=\u00bboff\u00bb da_has_shadow=\u00bbon\u00bb][et_pb_row _builder_version=\u00bb4.14.7&#8243; _module_preset=\u00bbdefault\u00bb column_structure=\u00bb3_5,2_5&#8243; background_color=\u00bb#F2CD00&#8243; hover_enabled=\u00bb0&#8243; sticky_enabled=\u00bb0&#8243; min_height=\u00bb124.8px\u00bb title_text=\u00bbHistoria de Instagram Regreso a Clases Moderno Azul\u00bb background_image=\u00bbhttps:\/\/www.iepesm.edu.pe\/web2021wp\/wp-content\/uploads\/2024\/01\/Historia-de-Instagram-Regreso-a-Clases-Moderno-Azul-.png\u00bb custom_margin=\u00bb|132px||auto||\u00bb background_blend=\u00bbhard-light\u00bb][et_pb_column _builder_version=\u00bb4.14.7&#8243; _module_preset=\u00bbdefault\u00bb type=\u00bb3_5&#8243;][et_pb_text _builder_version=\u00bb4.14.7&#8243; _module_preset=\u00bbdefault\u00bb hover_enabled=\u00bb0&#8243; sticky_enabled=\u00bb0&#8243; custom_padding=\u00bb|16px|107px|76px||\u00bb min_height=\u00bb199.8px\u00bb width=\u00bb98.3%\u00bb background_color=\u00bbRGBA(255,255,255,0)\u00bb custom_margin=\u00bb||20px|||\u00bb]<\/p>\n<h1><\/h1>\n<p><em><span style=\"color: #008000;\"><strong><span style=\"font-size: large;\">CAMINATA: EXPERIENCIA MOTRIZ SALUDABLE<\/span><\/strong><\/span><\/em><\/p>\n<p><span style=\"color: #000000;\">Como actividad f\u00edsica, es una pr\u00e1ctica completa, de intensidad moderada, que pone en acci\u00f3n al cuerpo en su totalidad, estimula sistemas y \u00f3rganos, al tiempo que minimiza los\u00a0riesgos y las lesiones.<\/span><\/p>\n<p><span style=\"color: #000000;\">En este sentido con las caminatas contribuimos al mantenimiento de<br \/>un buen estado general de salud sentirse bien an\u00edmicamente.<\/span><\/p>\n<p>[\/et_pb_text][\/et_pb_column][et_pb_column _builder_version=\u00bb4.14.7&#8243; _module_preset=\u00bbdefault\u00bb type=\u00bb2_5&#8243;][et_pb_image src=\u00bbhttps:\/\/www.iepesm.edu.pe\/web2021wp\/wp-content\/uploads\/2024\/01\/Copia-de-ALBUM-REVESTIMIENTO-DEL-BIOHUERTO.png\u00bb _builder_version=\u00bb4.14.7&#8243; _module_preset=\u00bbdefault\u00bb title_text=\u00bbCopia de ALBUM-REVESTIMIENTO DEL BIOHUERTO\u00bb hover_enabled=\u00bb0&#8243; sticky_enabled=\u00bb0&#8243; custom_padding=\u00bb|36px||||\u00bb][\/et_pb_image][\/et_pb_column][\/et_pb_row][\/et_pb_section][et_pb_section fb_built=\u00bb1&#8243; _builder_version=\u00bb4.9.0&#8243; _module_preset=\u00bbdefault\u00bb background_color=\u00bbRGBA(0,0,0,0)\u00bb min_height=\u00bb111px\u00bb min_height_tablet=\u00bb\u00bb min_height_phone=\u00bb\u00bb min_height_last_edited=\u00bbon|desktop\u00bb height_tablet=\u00bb\u00bb height_phone=\u00bb\u00bb height_last_edited=\u00bbon|desktop\u00bb custom_margin=\u00bb||||false|false\u00bb custom_padding=\u00bb0px||0px||false|false\u00bb module_alignment_tablet=\u00bb\u00bb module_alignment_phone=\u00bb\u00bb module_alignment_last_edited=\u00bbon|desktop\u00bb da_disable_devices=\u00bboff|off|off\u00bb locked=\u00bboff\u00bb global_colors_info=\u00bb{}\u00bb da_is_popup=\u00bboff\u00bb da_exit_intent=\u00bboff\u00bb da_has_close=\u00bbon\u00bb da_alt_close=\u00bboff\u00bb da_dark_close=\u00bboff\u00bb da_not_modal=\u00bbon\u00bb da_is_singular=\u00bboff\u00bb da_with_loader=\u00bboff\u00bb da_has_shadow=\u00bbon\u00bb][et_pb_row make_equal=\u00bbon\u00bb _builder_version=\u00bb4.9.0&#8243; _module_preset=\u00bbdefault\u00bb background_enable_color=\u00bboff\u00bb custom_padding=\u00bb0px||0px||true|\u00bb locked=\u00bboff\u00bb global_colors_info=\u00bb{}\u00bb][et_pb_column type=\u00bb4_4&#8243; _builder_version=\u00bb4.9.0&#8243; _module_preset=\u00bbdefault\u00bb global_colors_info=\u00bb{}\u00bb][\/et_pb_column][\/et_pb_row][\/et_pb_section][et_pb_section fb_built=\u00bb1&#8243; _builder_version=\u00bb4.9.0&#8243; _module_preset=\u00bbdefault\u00bb background_color=\u00bbRGBA(0,0,0,0)\u00bb min_height=\u00bb111px\u00bb min_height_tablet=\u00bb\u00bb min_height_phone=\u00bb\u00bb min_height_last_edited=\u00bbon|desktop\u00bb height_tablet=\u00bb\u00bb height_phone=\u00bb\u00bb height_last_edited=\u00bbon|desktop\u00bb custom_margin=\u00bb||||false|false\u00bb custom_padding=\u00bb0px||0px||false|false\u00bb module_alignment_tablet=\u00bb\u00bb module_alignment_phone=\u00bb\u00bb module_alignment_last_edited=\u00bbon|desktop\u00bb da_disable_devices=\u00bboff|off|off\u00bb locked=\u00bboff\u00bb global_colors_info=\u00bb{}\u00bb da_is_popup=\u00bboff\u00bb da_exit_intent=\u00bboff\u00bb da_has_close=\u00bbon\u00bb da_alt_close=\u00bboff\u00bb da_dark_close=\u00bboff\u00bb da_not_modal=\u00bbon\u00bb da_is_singular=\u00bboff\u00bb da_with_loader=\u00bboff\u00bb da_has_shadow=\u00bbon\u00bb][et_pb_row column_structure=\u00bb2_3,1_3&#8243; make_equal=\u00bbon\u00bb _builder_version=\u00bb4.14.7&#8243; _module_preset=\u00bbdefault\u00bb background_color=\u00bb#F2CD00&#8243; background_image=\u00bbhttps:\/\/www.iepesm.edu.pe\/web2021wp\/wp-content\/uploads\/2021\/04\/icon_primaria.png\u00bb background_size=\u00bbcontain\u00bb background_position=\u00bbcenter_left\u00bb background_blend=\u00bbsoft-light\u00bb custom_padding=\u00bb0px||0px||true|\u00bb animation_style=\u00bbslide\u00bb border_radii=\u00bbon|12px|12px|12px|12px\u00bb locked=\u00bboff\u00bb global_colors_info=\u00bb{}\u00bb][et_pb_column type=\u00bb2_3&#8243; _builder_version=\u00bb4.9.0&#8243; _module_preset=\u00bbdefault\u00bb global_colors_info=\u00bb{}\u00bb][et_pb_text _builder_version=\u00bb4.9.0&#8243; _module_preset=\u00bbdefault\u00bb text_font=\u00bbMuseo 300||||||||\u00bb text_text_color=\u00bb#FFFFFF\u00bb width=\u00bb100%\u00bb min_height=\u00bb226.2px\u00bb custom_margin=\u00bb|||18px|false|false\u00bb custom_padding=\u00bb0px|27px||4px|false|false\u00bb inline_fonts=\u00bbMuseo 700&#8243; global_colors_info=\u00bb{}\u00bb]<\/p>\n<p>&nbsp;<\/p>\n<p><span style=\"font-weight: normal; font-size: large;\"><strong>EXPERIENCIA RELIGIOSA<\/strong><\/span><\/p>\n<table>\n<tbody>\n<tr>\n<td colspan=\"2\">\n<p><span style=\"font-size: large;\">Teniendo en cuenta que el ser humano posee una condici\u00f3n espiritual, el \u00e1rea de Educaci\u00f3n Religiosa busca contribuir a la formaci\u00f3n humano-cristiana de los estudiantes,\u00a0generando un espacio que propicie un encuentro personal y comunitario con Dios, reconoci\u00e9ndole como quien act\u00faa providentemente en sus vidas y da sentido a los acontecimientos de la historia humana. Partiendo de esa experiencia de encuentro con el Se\u00f1or, se espera que los estudiantes den una \u00a0respuesta responsable al amor de Dios, de modo que puedan dar raz\u00f3n de su fe aplic\u00e1ndola a la realidad, e integrando la fe y la vida.<\/span><\/p>\n<p>&nbsp;<\/p>\n<\/td>\n<\/tr>\n<\/tbody>\n<\/table>\n<p><span><\/span><\/p>\n<p>[\/et_pb_text][\/et_pb_column][et_pb_column type=\u00bb1_3&#8243; _builder_version=\u00bb4.9.0&#8243; _module_preset=\u00bbdefault\u00bb global_colors_info=\u00bb{}\u00bb][et_pb_gallery gallery_ids=\u00bb226981,226980&#8243; posts_number=\u00bb1&#8243; show_title_and_caption=\u00bboff\u00bb show_pagination=\u00bboff\u00bb _builder_version=\u00bb4.14.7&#8243; _module_preset=\u00bbdefault\u00bb width=\u00bb86%\u00bb min_height=\u00bb177.9px\u00bb custom_margin=\u00bb10px|0px|-38px|21px|false|false\u00bb custom_padding=\u00bb18px|0px|0px|0px|false|false\u00bb border_radii=\u00bbon|10px|10px|10px|10px\u00bb global_colors_info=\u00bb{}\u00bb][\/et_pb_gallery][\/et_pb_column][\/et_pb_row][\/et_pb_section]<\/p>\n","protected":false},"excerpt":{"rendered":"<p>PrimariaEste Nivel comprende desde 1ro a 6to de primaria. En esta etapa escolar las estudiantes fortalecen sus competencias comunicativas, se inicia el aprendizaje formal donde el proceso de ense\u00f1anza y aprendizaje se basa en un enfoque constructivista e integrado, acorde a las etapas de desarrollo de cada ni\u00f1a. Nuestro sistema educativo promueve el desarrollo de [&hellip;]<\/p>\n","protected":false},"author":1,"featured_media":0,"parent":0,"menu_order":0,"comment_status":"closed","ping_status":"closed","template":"","meta":{"_et_pb_use_builder":"on","_et_pb_old_content":"","_et_gb_content_width":"","footnotes":""},"class_list":["post-224374","page","type-page","status-publish","hentry"],"_links":{"self":[{"href":"https:\/\/www.iepesm.edu.pe\/web2021wp\/wp-json\/wp\/v2\/pages\/224374","targetHints":{"allow":["GET"]}}],"collection":[{"href":"https:\/\/www.iepesm.edu.pe\/web2021wp\/wp-json\/wp\/v2\/pages"}],"about":[{"href":"https:\/\/www.iepesm.edu.pe\/web2021wp\/wp-json\/wp\/v2\/types\/page"}],"author":[{"embeddable":true,"href":"https:\/\/www.iepesm.edu.pe\/web2021wp\/wp-json\/wp\/v2\/users\/1"}],"replies":[{"embeddable":true,"href":"https:\/\/www.iepesm.edu.pe\/web2021wp\/wp-json\/wp\/v2\/comments?post=224374"}],"version-history":[{"count":33,"href":"https:\/\/www.iepesm.edu.pe\/web2021wp\/wp-json\/wp\/v2\/pages\/224374\/revisions"}],"predecessor-version":[{"id":226988,"href":"https:\/\/www.iepesm.edu.pe\/web2021wp\/wp-json\/wp\/v2\/pages\/224374\/revisions\/226988"}],"wp:attachment":[{"href":"https:\/\/www.iepesm.edu.pe\/web2021wp\/wp-json\/wp\/v2\/media?parent=224374"}],"curies":[{"name":"wp","href":"https:\/\/api.w.org\/{rel}","templated":true}]}}